{"id":86596,"date":"2016-02-22T12:42:52","date_gmt":"2016-02-22T11:42:52","guid":{"rendered":"https:\/\/nuestroservidor.es\/trabajos\/380amk\/contact\/"},"modified":"2026-04-28T10:46:33","modified_gmt":"2026-04-28T08:46:33","slug":"contact","status":"publish","type":"page","link":"https:\/\/www.380amk.com\/en\/contact\/","title":{"rendered":"Contact"},"content":{"rendered":"<div class=\"wpb-content-wrapper\"><p>[vc_row unlock_row_content=&#8221;yes&#8221; row_height_percent=&#8221;55&#8243; override_padding=&#8221;yes&#8221; h_padding=&#8221;0&#8243; top_padding=&#8221;0&#8243; bottom_padding=&#8221;0&#8243; overlay_alpha=&#8221;50&#8243; equal_height=&#8221;yes&#8221; gutter_size=&#8221;0&#8243; column_width_percent=&#8221;100&#8243; shift_y=&#8221;0&#8243; z_index=&#8221;0&#8243; mobile_visibility=&#8221;yes&#8221;][vc_column column_width_percent=&#8221;100&#8243; position_vertical=&#8221;bottom&#8221; gutter_size=&#8221;3&#8243; override_padding=&#8221;yes&#8221; column_padding=&#8221;4&#8243; style=&#8221;light&#8221; back_image=&#8221;84269&#8243; parallax=&#8221;yes&#8221; overlay_color=&#8221;color-jevc&#8221; overlay_alpha=&#8221;67&#8243; shift_x=&#8221;0&#8243; shift_y=&#8221;0&#8243; shift_y_down=&#8221;0&#8243; z_index=&#8221;0&#8243; medium_width=&#8221;0&#8243; mobile_width=&#8221;0&#8243; css_animation=&#8221;bottom-t-top&#8221; width=&#8221;1\/1&#8243; mobile_height=&#8221;360&#8243;][vc_row_inner][vc_column_inner width=&#8221;1\/3&#8243;][\/vc_column_inner][vc_column_inner width=&#8221;1\/3&#8243;][vc_custom_heading text_color=&#8221;color-xsdn&#8221; heading_semantic=&#8221;h3&#8243; text_size=&#8221;h1&#8243; text_weight=&#8221;400&#8243; separator=&#8221;yes&#8221; separator_color=&#8221;yes&#8221;]Madrid[\/vc_custom_heading][vc_column_text uncode_shortcode_id=&#8221;372490&#8243;]<span style=\"color: #ffffff;\">Avda de las Dos Castillas ,33<\/span><br \/>\n<span style=\"color: #ffffff;\">Edificio Atica 6<\/span><br \/>\n<span style=\"color: #ffffff;\">Planta 2<\/span><br \/>\n<span style=\"color: #ffffff;\">28224 pozuelo de Alarc\u00f3n<\/span><\/p>\n<p>[\/vc_column_text][vc_button button_color=&#8221;accent&#8221; radius=&#8221;btn-circle&#8221; border_animation=&#8221;btn-ripple-out&#8221; outline=&#8221;yes&#8221; border_width=&#8221;0&#8243; link=&#8221;url:https%3A%2F%2Fg.page%2F380amk%3Fshare|target:%20_blank|&#8221; button_color_type=&#8221;uncode-palette&#8221; uncode_shortcode_id=&#8221;113530&#8243;]View on the map[\/vc_button][\/vc_column_inner][vc_column_inner width=&#8221;1\/3&#8243;][\/vc_column_inner][\/vc_row_inner][\/vc_column][\/vc_row][vc_row unlock_row_content=&#8221;yes&#8221; row_height_percent=&#8221;55&#8243; override_padding=&#8221;yes&#8221; h_padding=&#8221;0&#8243; top_padding=&#8221;0&#8243; bottom_padding=&#8221;0&#8243; overlay_alpha=&#8221;50&#8243; equal_height=&#8221;yes&#8221; gutter_size=&#8221;0&#8243; column_width_percent=&#8221;100&#8243; shift_y=&#8221;0&#8243; z_index=&#8221;0&#8243; desktop_visibility=&#8221;yes&#8221; medium_visibility=&#8221;yes&#8221;][vc_column column_width_percent=&#8221;100&#8243; position_vertical=&#8221;bottom&#8221; gutter_size=&#8221;3&#8243; override_padding=&#8221;yes&#8221; column_padding=&#8221;4&#8243; style=&#8221;dark&#8221; back_image=&#8221;84269&#8243; parallax=&#8221;yes&#8221; overlay_color=&#8221;color-jevc&#8221; overlay_alpha=&#8221;70&#8243; shift_x=&#8221;0&#8243; shift_y=&#8221;0&#8243; shift_y_down=&#8221;0&#8243; z_index=&#8221;0&#8243; medium_width=&#8221;0&#8243; mobile_width=&#8221;0&#8243; css_animation=&#8221;bottom-t-top&#8221; width=&#8221;1\/1&#8243; mobile_height=&#8221;360&#8243;][vc_custom_heading text_color=&#8221;color-xsdn&#8221; heading_semantic=&#8221;h3&#8243; text_size=&#8221;h1&#8243; text_weight=&#8221;400&#8243; separator=&#8221;yes&#8221;]Madrid[\/vc_custom_heading][vc_column_text uncode_shortcode_id=&#8221;462038&#8243;]<span style=\"color: #ffffff;\">Avda de las Dos Castillas ,33<\/span><br \/>\n<span style=\"color: #ffffff;\">Edificio Atica 6<\/span><br \/>\n<span style=\"color: #ffffff;\">Planta 2<\/span><br \/>\n<span style=\"color: #ffffff;\">28224 pozuelo de Alarc\u00f3n<\/span><\/p>\n<p>[\/vc_column_text][vc_button button_color=&#8221;color-xsdn&#8221; radius=&#8221;btn-circle&#8221; border_animation=&#8221;btn-ripple-out&#8221; outline=&#8221;yes&#8221; border_width=&#8221;0&#8243; link=&#8221;url:https%3A%2F%2Fg.page%2F380amk%3Fshare|target:%20_blank|&#8221; button_color_type=&#8221;uncode-palette&#8221; uncode_shortcode_id=&#8221;765299&#8243;]View on the map[\/vc_button][\/vc_column][\/vc_row][vc_row row_height_percent=&#8221;80&#8243; override_padding=&#8221;yes&#8221; h_padding=&#8221;3&#8243; top_padding=&#8221;7&#8243; bottom_padding=&#8221;7&#8243; back_color=&#8221;color-xsdn&#8221; overlay_alpha=&#8221;50&#8243; gutter_size=&#8221;3&#8243; column_width_percent=&#8221;100&#8243; shift_y=&#8221;0&#8243; z_index=&#8221;1&#8243; mobile_visibility=&#8221;yes&#8221;][vc_column column_width_percent=&#8221;100&#8243; gutter_size=&#8221;3&#8243; overlay_alpha=&#8221;50&#8243; shift_x=&#8221;0&#8243; shift_y=&#8221;0&#8243; shift_y_down=&#8221;0&#8243; z_index=&#8221;0&#8243; medium_width=&#8221;0&#8243; mobile_width=&#8221;0&#8243; width=&#8221;1\/1&#8243;][vc_row_inner row_inner_height_percent=&#8221;0&#8243; overlay_alpha=&#8221;50&#8243; gutter_size=&#8221;4&#8243; shift_y=&#8221;0&#8243; z_index=&#8221;0&#8243; limit_content=&#8221;&#8221;][vc_column_inner column_width_percent=&#8221;100&#8243; gutter_size=&#8221;1&#8243; overlay_alpha=&#8221;50&#8243; shift_x=&#8221;0&#8243; shift_y=&#8221;0&#8243; shift_y_down=&#8221;0&#8243; z_index=&#8221;0&#8243; medium_width=&#8221;0&#8243; mobile_width=&#8221;0&#8243; width=&#8221;4\/12&#8243;][vc_empty_space empty_h=&#8221;0&#8243;][vc_custom_heading text_color=&#8221;color-wvjs&#8221; heading_semantic=&#8221;h5&#8243; text_size=&#8221;&#8221; text_weight=&#8221;500&#8243; text_transform=&#8221;uppercase&#8221; css_animation=&#8221;left-t-right&#8221; animation_delay=&#8221;400&#8243; uncode_shortcode_id=&#8221;105845&#8243; text_color_type=&#8221;uncode-palette&#8221;]<span style=\"font-weight: 300;\">Write to us<\/span>[\/vc_custom_heading][\/vc_column_inner][vc_column_inner column_width_percent=&#8221;100&#8243; position_vertical=&#8221;bottom&#8221; gutter_size=&#8221;2&#8243; overlay_alpha=&#8221;50&#8243; shift_x=&#8221;0&#8243; shift_y=&#8221;0&#8243; shift_y_down=&#8221;0&#8243; z_index=&#8221;0&#8243; medium_width=&#8221;0&#8243; mobile_width=&#8221;0&#8243; css_animation=&#8221;right-t-left&#8221; animation_delay=&#8221;600&#8243; width=&#8221;8\/12&#8243; css=&#8221;.vc_custom_1704387972170{padding-right: 15% !important;}&#8221; uncode_shortcode_id=&#8221;140612&#8243;]\n<div class=\"wpcf7 no-js\" id=\"wpcf7-f86599-o1\" lang=\"en-US\" dir=\"ltr\" data-wpcf7-id=\"86599\">\n<div class=\"screen-reader-response\"><p role=\"status\" aria-live=\"polite\" aria-atomic=\"true\"><\/p> <ul><\/ul><\/div>\n<form action=\"\/en\/wp-json\/wp\/v2\/pages\/86596#wpcf7-f86599-o1\" method=\"post\" class=\"wpcf7-form init input-underline form-no-labels\" aria-label=\"Contact form\" novalidate=\"novalidate\" data-status=\"init\">\n<fieldset class=\"hidden-fields-container\"><input type=\"hidden\" name=\"_wpcf7\" value=\"86599\" \/><input type=\"hidden\" name=\"_wpcf7_version\" value=\"6.1.5\" \/><input type=\"hidden\" name=\"_wpcf7_locale\" value=\"en_US\" \/><input type=\"hidden\" name=\"_wpcf7_unit_tag\" value=\"wpcf7-f86599-o1\" \/><input type=\"hidden\" name=\"_wpcf7_container_post\" value=\"0\" \/><input type=\"hidden\" name=\"_wpcf7_posted_data_hash\" value=\"\" \/><input type=\"hidden\" name=\"_wpcf7_recaptcha_response\" value=\"\" \/>\n<\/fieldset>\n<p><span class=\"wpcf7-form-control-wrap\" data-name=\"your-fullname\"><input size=\"40\" maxlength=\"400\" class=\"wpcf7-form-control wpcf7-text wpcf7-validates-as-required form-fluid\" aria-required=\"true\" aria-invalid=\"false\" placeholder=\"Name and surname\" value=\"\" type=\"text\" name=\"your-fullname\" \/><\/span>\n<\/p>\n<div class=\"wpcf7-inline-wrapper\">\n\t<p class=\"wpcf7-inline-field\"><span class=\"wpcf7-form-control-wrap\" data-name=\"your-email\"><input size=\"40\" maxlength=\"400\" class=\"wpcf7-form-control wpcf7-email wpcf7-validates-as-required wpcf7-text wpcf7-validates-as-email\" aria-required=\"true\" aria-invalid=\"false\" placeholder=\"E-mail address\" value=\"\" type=\"email\" name=\"your-email\" \/><\/span>\n\t<\/p>\n\t<p class=\"wpcf7-inline-field\"><span class=\"wpcf7-form-control-wrap\" data-name=\"your-telephone\"><input size=\"40\" maxlength=\"400\" class=\"wpcf7-form-control wpcf7-text wpcf7-validates-as-required form-fluid\" aria-required=\"true\" aria-invalid=\"false\" placeholder=\"Phone\" value=\"\" type=\"text\" name=\"your-telephone\" \/><\/span>\n\t<\/p>\n<\/div>\n<p class=\"wcpf7-inline-field\" style=\"width:100%\"><span class=\"wpcf7-form-control-wrap\" data-name=\"servicio\"><select class=\"wpcf7-form-control wpcf7-select wpcf7-validates-as-required\" aria-required=\"true\" aria-invalid=\"false\" name=\"servicio\"><option value=\"\">Choose the area you want to contact<\/option><option value=\"Agency\">Agency<\/option><option value=\"Branding EN (Marketing)\">Branding EN (Marketing)<\/option><option value=\"Audiovisual EN (Marketing)\">Audiovisual EN (Marketing)<\/option><option value=\"Digital EN (Marketing)\">Digital EN (Marketing)<\/option><option value=\"Communication (Marketing)\">Communication (Marketing)<\/option><option value=\"Sponsorship (Marketing)\">Sponsorship (Marketing)<\/option><option value=\"Events (Marketing)\">Events (Marketing)<\/option><option value=\"Consultancy\">Consultancy<\/option><\/select><\/span>\n<\/p>\n<p><span class=\"wpcf7-form-control-wrap\" data-name=\"your-message\"><textarea cols=\"40\" rows=\"8\" maxlength=\"2000\" class=\"wpcf7-form-control wpcf7-textarea\" aria-invalid=\"false\" placeholder=\"Describe your project\" name=\"your-message\"><\/textarea><\/span>\n<\/p>\n<p><a href=\"https:\/\/www.380amk.com\/en\/legal-notice#data-protection\" target=\"_blank\">General Data Protection Regulation (EU) <\/a>\n<\/p>\n<p style=\"font-weight: normal; text-align: justify; font-size: 9px; color:grey;\">En cumplimiento de lo establecido en los art\u00edculos 13 y 14 del RGPD (UE) 2016\/679, de 27 de abril, y en el art\u00edculo 11 de la LOPD 3\/2018, de 5 de diciembre, ponemos a disposici\u00f3n del interesado la informaci\u00f3n b\u00e1sica referente al tratamiento de sus datos de car\u00e1cter personal.<br \/>\nLa actividad de tratamiento es CONTACTOS WEB \u00abESCRIBENOS\u00bb. El Responsable del tratamiento es: 380 AROUND MARKETING S.L, con N.I.F.: B86853579, y con domicilio en V\u00eda Dos Castillas, 33, Edificio \u00c1tica VI, 2da planta. C.P.: 28224 - Pozuelo de Alarc\u00f3n (MADRID) La finalidad del tratamiento es: Gesti\u00f3n a trav\u00e9s de la web de consultas relacionadas con la actividad del responsable del tratamiento. En cuanto a la base jur\u00eddica es Inter\u00e9s leg\u00edtimo del responsable. En relaci\u00f3n con los destinatarios de los datos personales: No hay previsi\u00f3n de cesiones, salvo obligaci\u00f3n legal.Sin previsi\u00f3n de transferencias internacionales. En cuanto a los derechos de que dispone el interesado en relaci\u00f3n con sus datos, este puede dirigirse a 380 AROUND MARKETING S.L como responsable: info@380amk.com o V\u00eda Dos Castillas, 33, Edificio \u00c1tica VI, 2da planta. C.P.: 28224 - Pozuelo de Alarc\u00f3n (Madrid). Puede consultar dicha informaci\u00f3n adicional y detallada sobre protecci\u00f3n de datos en https:\/\/www.380amk.com\/politica-de-privacidad\/ o en Avda. de la Iglesia 7, 28223-Pozuelo de Alarc\u00f3n (Madrid)\n<\/p>\n<p style=\"font-weight: normal;\"><span class=\"wpcf7-form-control-wrap\" data-name=\"legal\"><span class=\"wpcf7-form-control wpcf7-acceptance\"><span class=\"wpcf7-list-item\"><input type=\"checkbox\" name=\"legal\" value=\"1\" aria-invalid=\"false\" \/><\/span><\/span><\/span> I accept the processing of data described above.\n<\/p>\n<div style=\"padding: 25px 0 0 0;\">\n\t<p><input class=\"wpcf7-form-control wpcf7-submit has-spinner btn border-width-0 btn-accent btn-circle btn-outline btn-icon-left btn-ripple-out btn-border-animated\" type=\"submit\" value=\"Send\" \/>\n\t<\/p>\n<\/div><div class=\"wpcf7-response-output\" aria-hidden=\"true\"><\/div>\n<\/form>\n<\/div>\n[\/vc_column_inner][\/vc_row_inner][\/vc_column][\/vc_row][vc_row row_height_percent=&#8221;80&#8243; override_padding=&#8221;yes&#8221; h_padding=&#8221;3&#8243; top_padding=&#8221;7&#8243; bottom_padding=&#8221;7&#8243; back_color=&#8221;color-xsdn&#8221; overlay_alpha=&#8221;50&#8243; gutter_size=&#8221;3&#8243; column_width_percent=&#8221;100&#8243; shift_y=&#8221;0&#8243; z_index=&#8221;1&#8243; desktop_visibility=&#8221;yes&#8221; medium_visibility=&#8221;yes&#8221;][vc_column column_width_percent=&#8221;100&#8243; gutter_size=&#8221;3&#8243; overlay_alpha=&#8221;50&#8243; shift_x=&#8221;0&#8243; shift_y=&#8221;0&#8243; shift_y_down=&#8221;0&#8243; z_index=&#8221;0&#8243; medium_width=&#8221;0&#8243; mobile_width=&#8221;0&#8243; width=&#8221;1\/1&#8243;][vc_row_inner row_inner_height_percent=&#8221;0&#8243; overlay_alpha=&#8221;50&#8243; gutter_size=&#8221;4&#8243; shift_y=&#8221;0&#8243; z_index=&#8221;0&#8243; limit_content=&#8221;&#8221;][vc_column_inner column_width_percent=&#8221;100&#8243; gutter_size=&#8221;1&#8243; overlay_alpha=&#8221;50&#8243; shift_x=&#8221;0&#8243; shift_y=&#8221;0&#8243; shift_y_down=&#8221;0&#8243; z_index=&#8221;0&#8243; medium_width=&#8221;0&#8243; mobile_width=&#8221;0&#8243; width=&#8221;1\/1&#8243;][vc_custom_heading text_color=&#8221;color-wvjs&#8221; heading_semantic=&#8221;h5&#8243; text_size=&#8221;&#8221; text_weight=&#8221;500&#8243; text_transform=&#8221;uppercase&#8221; css_animation=&#8221;left-t-right&#8221; animation_delay=&#8221;400&#8243; uncode_shortcode_id=&#8221;105845&#8243; text_color_type=&#8221;uncode-palette&#8221;]<span style=\"font-weight: 300;\">Write to us<\/span>[\/vc_custom_heading][vc_empty_space empty_h=&#8221;1&#8243;]\n<div class=\"wpcf7 no-js\" id=\"wpcf7-f86599-o2\" lang=\"en-US\" dir=\"ltr\" data-wpcf7-id=\"86599\">\n<div class=\"screen-reader-response\"><p role=\"status\" aria-live=\"polite\" aria-atomic=\"true\"><\/p> <ul><\/ul><\/div>\n<form action=\"\/en\/wp-json\/wp\/v2\/pages\/86596#wpcf7-f86599-o2\" method=\"post\" class=\"wpcf7-form init input-underline form-no-labels\" aria-label=\"Contact form\" novalidate=\"novalidate\" data-status=\"init\">\n<fieldset class=\"hidden-fields-container\"><input type=\"hidden\" name=\"_wpcf7\" value=\"86599\" \/><input type=\"hidden\" name=\"_wpcf7_version\" value=\"6.1.5\" \/><input type=\"hidden\" name=\"_wpcf7_locale\" value=\"en_US\" \/><input type=\"hidden\" name=\"_wpcf7_unit_tag\" value=\"wpcf7-f86599-o2\" \/><input type=\"hidden\" name=\"_wpcf7_container_post\" value=\"0\" \/><input type=\"hidden\" name=\"_wpcf7_posted_data_hash\" value=\"\" \/><input type=\"hidden\" name=\"_wpcf7_recaptcha_response\" value=\"\" \/>\n<\/fieldset>\n<p><span class=\"wpcf7-form-control-wrap\" data-name=\"your-fullname\"><input size=\"40\" maxlength=\"400\" class=\"wpcf7-form-control wpcf7-text wpcf7-validates-as-required form-fluid\" aria-required=\"true\" aria-invalid=\"false\" placeholder=\"Name and surname\" value=\"\" type=\"text\" name=\"your-fullname\" \/><\/span>\n<\/p>\n<div class=\"wpcf7-inline-wrapper\">\n\t<p class=\"wpcf7-inline-field\"><span class=\"wpcf7-form-control-wrap\" data-name=\"your-email\"><input size=\"40\" maxlength=\"400\" class=\"wpcf7-form-control wpcf7-email wpcf7-validates-as-required wpcf7-text wpcf7-validates-as-email\" aria-required=\"true\" aria-invalid=\"false\" placeholder=\"E-mail address\" value=\"\" type=\"email\" name=\"your-email\" \/><\/span>\n\t<\/p>\n\t<p class=\"wpcf7-inline-field\"><span class=\"wpcf7-form-control-wrap\" data-name=\"your-telephone\"><input size=\"40\" maxlength=\"400\" class=\"wpcf7-form-control wpcf7-text wpcf7-validates-as-required form-fluid\" aria-required=\"true\" aria-invalid=\"false\" placeholder=\"Phone\" value=\"\" type=\"text\" name=\"your-telephone\" \/><\/span>\n\t<\/p>\n<\/div>\n<p class=\"wcpf7-inline-field\" style=\"width:100%\"><span class=\"wpcf7-form-control-wrap\" data-name=\"servicio\"><select class=\"wpcf7-form-control wpcf7-select wpcf7-validates-as-required\" aria-required=\"true\" aria-invalid=\"false\" name=\"servicio\"><option value=\"\">Choose the area you want to contact<\/option><option value=\"Agency\">Agency<\/option><option value=\"Branding EN (Marketing)\">Branding EN (Marketing)<\/option><option value=\"Audiovisual EN (Marketing)\">Audiovisual EN (Marketing)<\/option><option value=\"Digital EN (Marketing)\">Digital EN (Marketing)<\/option><option value=\"Communication (Marketing)\">Communication (Marketing)<\/option><option value=\"Sponsorship (Marketing)\">Sponsorship (Marketing)<\/option><option value=\"Events (Marketing)\">Events (Marketing)<\/option><option value=\"Consultancy\">Consultancy<\/option><\/select><\/span>\n<\/p>\n<p><span class=\"wpcf7-form-control-wrap\" data-name=\"your-message\"><textarea cols=\"40\" rows=\"8\" maxlength=\"2000\" class=\"wpcf7-form-control wpcf7-textarea\" aria-invalid=\"false\" placeholder=\"Describe your project\" name=\"your-message\"><\/textarea><\/span>\n<\/p>\n<p><a href=\"https:\/\/www.380amk.com\/en\/legal-notice#data-protection\" target=\"_blank\">General Data Protection Regulation (EU) <\/a>\n<\/p>\n<p style=\"font-weight: normal; text-align: justify; font-size: 9px; color:grey;\">En cumplimiento de lo establecido en los art\u00edculos 13 y 14 del RGPD (UE) 2016\/679, de 27 de abril, y en el art\u00edculo 11 de la LOPD 3\/2018, de 5 de diciembre, ponemos a disposici\u00f3n del interesado la informaci\u00f3n b\u00e1sica referente al tratamiento de sus datos de car\u00e1cter personal.<br \/>\nLa actividad de tratamiento es CONTACTOS WEB \u00abESCRIBENOS\u00bb. El Responsable del tratamiento es: 380 AROUND MARKETING S.L, con N.I.F.: B86853579, y con domicilio en V\u00eda Dos Castillas, 33, Edificio \u00c1tica VI, 2da planta. C.P.: 28224 - Pozuelo de Alarc\u00f3n (MADRID) La finalidad del tratamiento es: Gesti\u00f3n a trav\u00e9s de la web de consultas relacionadas con la actividad del responsable del tratamiento. En cuanto a la base jur\u00eddica es Inter\u00e9s leg\u00edtimo del responsable. En relaci\u00f3n con los destinatarios de los datos personales: No hay previsi\u00f3n de cesiones, salvo obligaci\u00f3n legal.Sin previsi\u00f3n de transferencias internacionales. En cuanto a los derechos de que dispone el interesado en relaci\u00f3n con sus datos, este puede dirigirse a 380 AROUND MARKETING S.L como responsable: info@380amk.com o V\u00eda Dos Castillas, 33, Edificio \u00c1tica VI, 2da planta. C.P.: 28224 - Pozuelo de Alarc\u00f3n (Madrid). Puede consultar dicha informaci\u00f3n adicional y detallada sobre protecci\u00f3n de datos en https:\/\/www.380amk.com\/politica-de-privacidad\/ o en Avda. de la Iglesia 7, 28223-Pozuelo de Alarc\u00f3n (Madrid)\n<\/p>\n<p style=\"font-weight: normal;\"><span class=\"wpcf7-form-control-wrap\" data-name=\"legal\"><span class=\"wpcf7-form-control wpcf7-acceptance\"><span class=\"wpcf7-list-item\"><input type=\"checkbox\" name=\"legal\" value=\"1\" aria-invalid=\"false\" \/><\/span><\/span><\/span> I accept the processing of data described above.\n<\/p>\n<div style=\"padding: 25px 0 0 0;\">\n\t<p><input class=\"wpcf7-form-control wpcf7-submit has-spinner btn border-width-0 btn-accent btn-circle btn-outline btn-icon-left btn-ripple-out btn-border-animated\" type=\"submit\" value=\"Send\" \/>\n\t<\/p>\n<\/div><div class=\"wpcf7-response-output\" aria-hidden=\"true\"><\/div>\n<\/form>\n<\/div>\n[vc_empty_space empty_h=&#8221;2&#8243;][\/vc_column_inner][\/vc_row_inner][\/vc_column][\/vc_row]<\/p>\n<\/div>","protected":false},"excerpt":{"rendered":"<p>[vc_row unlock_row_content=&#8221;yes&#8221; row_height_percent=&#8221;55&#8243; override_padding=&#8221;yes&#8221; h_padding=&#8221;0&#8243; top_padding=&#8221;0&#8243; bottom_padding=&#8221;0&#8243; overlay_alpha=&#8221;50&#8243; equal_height=&#8221;yes&#8221; gutter_size=&#8221;0&#8243; column_width_percent=&#8221;100&#8243; shift_y=&#8221;0&#8243; z_index=&#8221;0&#8243; mobile_visibility=&#8221;yes&#8221;][vc_column column_width_percent=&#8221;100&#8243; position_vertical=&#8221;bottom&#8221; gutter_size=&#8221;3&#8243; override_padding=&#8221;yes&#8221; column_padding=&#8221;4&#8243; style=&#8221;light&#8221; [&hellip;]<\/p>\n","protected":false},"author":4,"featured_media":0,"parent":0,"menu_order":0,"comment_status":"closed","ping_status":"closed","template":"","meta":{"footnotes":""},"class_list":["post-86596","page","type-page","status-publish","hentry"],"_links":{"self":[{"href":"https:\/\/www.380amk.com\/en\/wp-json\/wp\/v2\/pages\/86596","targetHints":{"allow":["GET"]}}],"collection":[{"href":"https:\/\/www.380amk.com\/en\/wp-json\/wp\/v2\/pages"}],"about":[{"href":"https:\/\/www.380amk.com\/en\/wp-json\/wp\/v2\/types\/page"}],"author":[{"embeddable":true,"href":"https:\/\/www.380amk.com\/en\/wp-json\/wp\/v2\/users\/4"}],"replies":[{"embeddable":true,"href":"https:\/\/www.380amk.com\/en\/wp-json\/wp\/v2\/comments?post=86596"}],"version-history":[{"count":24,"href":"https:\/\/www.380amk.com\/en\/wp-json\/wp\/v2\/pages\/86596\/revisions"}],"predecessor-version":[{"id":90053,"href":"https:\/\/www.380amk.com\/en\/wp-json\/wp\/v2\/pages\/86596\/revisions\/90053"}],"wp:attachment":[{"href":"https:\/\/www.380amk.com\/en\/wp-json\/wp\/v2\/media?parent=86596"}],"curies":[{"name":"wp","href":"https:\/\/api.w.org\/{rel}","templated":true}]}}